{"id":138,"date":"2023-10-23T14:18:19","date_gmt":"2023-10-23T14:18:19","guid":{"rendered":"https:\/\/info.blinto.se\/?page_id=138"},"modified":"2025-10-01T15:33:35","modified_gmt":"2025-10-01T13:33:35","slug":"home","status":"publish","type":"page","link":"https:\/\/info.blinto.se\/en\/","title":{"rendered":"Home"},"content":{"rendered":"<div data-elementor-type=\"wp-page\" data-elementor-id=\"138\" class=\"elementor elementor-138\">\n\t\t\t\t<div class=\"elementor-element elementor-element-c8b48de tb lr e-flex e-con-boxed e-con e-parent\" data-id=\"c8b48de\" data-element_type=\"container\" data-e-type=\"container\">\n\t\t\t\t\t<div class=\"e-con-inner\">\n\t\t<div class=\"elementor-element elementor-element-6745e4a e-con-full e-flex e-con e-child\" data-id=\"6745e4a\" data-element_type=\"container\" data-e-type=\"container\">\n\t\t\t\t<div class=\"elementor-element elementor-element-ae72ea8 elementor-widget elementor-widget-heading\" data-id=\"ae72ea8\" data-element_type=\"widget\" data-e-type=\"widget\" data-widget_type=\"heading.default\">\n\t\t\t\t\t<h1 class=\"elementor-heading-title elementor-size-default\">Frequently Asked Questions about Blinto<\/h1>\t\t\t\t<\/div>\n\t\t\t\t<div class=\"elementor-element elementor-element-49b39b6 elementor-widget elementor-widget-text-editor\" data-id=\"49b39b6\" data-element_type=\"widget\" data-e-type=\"widget\" data-widget_type=\"text-editor.default\">\n\t\t\t\t\t\t\t\t\t<p><strong>Welcome to our collection of frequently asked questions about Blinto!<br \/><\/strong>We strive to make your auction experience as simple and pleasant as possible. Whether you are a beginner or an experienced bidder, we have gathered all the necessary information to help you navigate our auctions with ease. From creating an account to understanding the bidding process and managing post-purchase procedures, our FAQ covers everything you need to know to make your auctions successful.<\/p>\t\t\t\t\t\t\t\t<\/div>\n\t\t\t\t<\/div>\n\t\t\t\t<div class=\"elementor-element elementor-element-8c6c909 elementor-widget__width-inherit elementor-widget elementor-widget-ts-term-feed\" data-id=\"8c6c909\" data-element_type=\"widget\" data-e-type=\"widget\" data-widget_type=\"ts-term-feed.default\">\n\t\t\t\t\t\n\n<div\n\tclass=\"post-feed-grid ts-feed-grid-default\"\n\tdata-auto-slide=\"0\"\n>\n\t\t\t<div class=\"ts-preview\" data-term-id=\"1\" >\n\t\t\t\t\t<div data-elementor-type=\"page\" data-elementor-id=\"143\" class=\"elementor elementor-143\">\n\t\t\t\t<a class=\"elementor-element elementor-element-0838ace category-box e-con-full e-flex e-con e-parent\" data-id=\"0838ace\" data-element_type=\"container\" data-e-type=\"container\" data-settings=\"{&quot;background_background&quot;:&quot;classic&quot;}\" href=\"https:\/\/info.blinto.se\/en\/kontakt\/\">\n\t\t\t\t<div class=\"elementor-element elementor-element-5c67d78 elementor-view-stacked elementor-shape-circle elementor-widget elementor-widget-icon\" data-id=\"5c67d78\" data-element_type=\"widget\" data-e-type=\"widget\" data-widget_type=\"icon.default\">\n\t\t\t\t\t\t\t<div class=\"elementor-icon-wrapper\">\n\t\t\t<div class=\"elementor-icon\">\n\t\t\t<svg xmlns=\"http:\/\/www.w3.org\/2000\/svg\" viewbox=\"0 0 640 640\"><path opacity=\".4\" d=\"M128 288L128 352C128 387.3 156.7 416 192 416L224 416L224 288L128 288zM272 528L272 544L368 544L368 528C368 519.2 360.8 512 352 512L288 512C279.2 512 272 519.2 272 528zM416 288L416 416L448 416C483.3 416 512 387.3 512 352L512 288L416 288z\"><\/path><path d=\"M130.7 256C145.9 165.2 224.9 96 320 96C415.1 96 494.1 165.2 509.3 256L384 256L384 448L448 448C472.6 448 495 438.8 512 423.6L512 544.2L400 544.1L400 528.1C400 501.6 378.5 480.1 352 480.1L288 480.1C261.5 480.1 240 501.6 240 528.1L240 576.1L336 576.1L528 576.2L544 576.2L544 288.1C544 164.3 443.7 64 320 64C196.3 64 96 164.3 96 288L96 352C96 405 139 448 192 448L256 448L256 256L130.7 256zM336 544L272 544L272 528C272 519.2 279.2 512 288 512L352 512C360.8 512 368 519.2 368 528L368 544L336 544zM512 320L512 352C512 387.3 483.3 416 448 416L416 416L416 288L512 288L512 320zM128 320L128 288L224 288L224 416L192 416C156.7 416 128 387.3 128 352L128 320z\"><\/path><\/svg>\t\t\t<\/div>\n\t\t<\/div>\n\t\t\t\t\t\t<\/div>\n\t\t\t\t<div class=\"elementor-element elementor-element-e71fffe elementor-widget elementor-widget-heading\" data-id=\"e71fffe\" data-element_type=\"widget\" data-e-type=\"widget\" data-widget_type=\"heading.default\">\n\t\t\t\t\t<h2 class=\"elementor-heading-title elementor-size-default\">Contact<\/h2>\t\t\t\t<\/div>\n\t\t\t\t<\/a>\n\t\t\t\t<\/div>\n\t\t\t\t<\/div>\n\t\t\t<div class=\"ts-preview\" data-term-id=\"2\" >\n\t\t\t\t\t<div data-elementor-type=\"page\" data-elementor-id=\"143\" class=\"elementor elementor-143\">\n\t\t\t\t<a class=\"elementor-element elementor-element-0838ace category-box e-con-full e-flex e-con e-parent\" data-id=\"0838ace\" data-element_type=\"container\" data-e-type=\"container\" data-settings=\"{&quot;background_background&quot;:&quot;classic&quot;}\" href=\"https:\/\/info.blinto.se\/en\/konto\/\">\n\t\t\t\t<div class=\"elementor-element elementor-element-5c67d78 elementor-view-stacked elementor-shape-circle elementor-widget elementor-widget-icon\" data-id=\"5c67d78\" data-element_type=\"widget\" data-e-type=\"widget\" data-widget_type=\"icon.default\">\n\t\t\t\t\t\t\t<div class=\"elementor-icon-wrapper\">\n\t\t\t<div class=\"elementor-icon\">\n\t\t\t<svg xmlns=\"http:\/\/www.w3.org\/2000\/svg\" viewbox=\"0 0 640 640\"><path opacity=\".4\" d=\"M129.5 576L510.5 576L456.3 400L183.6 400L129.4 576zM224 192C224 245 267 288 320 288C373 288 416 245 416 192C416 139 373 96 320 96C267 96 224 139 224 192z\"><\/path><path d=\"M224 192C224 139 267 96 320 96C373 96 416 139 416 192C416 245 373 288 320 288C267 288 224 245 224 192zM129.5 576L183.7 400L456.4 400L510.6 576L544.1 576L480.1 368L160.1 368L96.1 576L129.6 576zM320 320C390.7 320 448 262.7 448 192C448 121.3 390.7 64 320 64C249.3 64 192 121.3 192 192C192 262.7 249.3 320 320 320z\"><\/path><\/svg>\t\t\t<\/div>\n\t\t<\/div>\n\t\t\t\t\t\t<\/div>\n\t\t\t\t<div class=\"elementor-element elementor-element-e71fffe elementor-widget elementor-widget-heading\" data-id=\"e71fffe\" data-element_type=\"widget\" data-e-type=\"widget\" data-widget_type=\"heading.default\">\n\t\t\t\t\t<h2 class=\"elementor-heading-title elementor-size-default\">Account<\/h2>\t\t\t\t<\/div>\n\t\t\t\t<\/a>\n\t\t\t\t<\/div>\n\t\t\t\t<\/div>\n\t\t\t<div class=\"ts-preview\" data-term-id=\"3\" >\n\t\t\t\t\t<div data-elementor-type=\"page\" data-elementor-id=\"143\" class=\"elementor elementor-143\">\n\t\t\t\t<a class=\"elementor-element elementor-element-0838ace category-box e-con-full e-flex e-con e-parent\" data-id=\"0838ace\" data-element_type=\"container\" data-e-type=\"container\" data-settings=\"{&quot;background_background&quot;:&quot;classic&quot;}\" href=\"https:\/\/info.blinto.se\/en\/lagga-bud\/\">\n\t\t\t\t<div class=\"elementor-element elementor-element-5c67d78 elementor-view-stacked elementor-shape-circle elementor-widget elementor-widget-icon\" data-id=\"5c67d78\" data-element_type=\"widget\" data-e-type=\"widget\" data-widget_type=\"icon.default\">\n\t\t\t\t\t\t\t<div class=\"elementor-icon-wrapper\">\n\t\t\t<div class=\"elementor-icon\">\n\t\t\t<svg xmlns=\"http:\/\/www.w3.org\/2000\/svg\" viewbox=\"0 0 640 640\"><path opacity=\".4\" d=\"M205.3 176L248 218.7L362.7 104L320 61.3L205.3 176zM286.7 225.4L414.7 353.4L497.4 270.7L369.4 142.7L286.7 225.4zM421.3 392L464 434.7L578.7 320L536 277.3L421.3 392z\"><\/path><path d=\"M248 264L264 248L316.7 300.7L84.7 532.7L73.4 544L96 566.6L107.3 555.3L339.3 323.3L392 376L376 392C387.7 403.7 409.5 425.5 441.4 457.4L464 480L486.6 457.4L601.4 342.6L624 320C612.3 308.3 590.5 286.5 558.6 254.6L536 232L520 248L392 120L408 104C396.3 92.3 374.5 70.5 342.6 38.6L320 16L297.4 38.6L182.6 153.4L160 176C171.7 187.7 193.5 209.5 225.4 241.4L248 264zM497.4 270.6L414.7 353.3L286.7 225.3L369.4 142.6L497.4 270.6zM362.7 104L248 218.7L205.3 176L320 61.3L362.7 104zM464 434.7L421.3 392L536 277.3L578.7 320L464 434.7z\"><\/path><\/svg>\t\t\t<\/div>\n\t\t<\/div>\n\t\t\t\t\t\t<\/div>\n\t\t\t\t<div class=\"elementor-element elementor-element-e71fffe elementor-widget elementor-widget-heading\" data-id=\"e71fffe\" data-element_type=\"widget\" data-e-type=\"widget\" data-widget_type=\"heading.default\">\n\t\t\t\t\t<h2 class=\"elementor-heading-title elementor-size-default\">Place a bid<\/h2>\t\t\t\t<\/div>\n\t\t\t\t<\/a>\n\t\t\t\t<\/div>\n\t\t\t\t<\/div>\n\t\t\t<div class=\"ts-preview\" data-term-id=\"4\" >\n\t\t\t\t\t<div data-elementor-type=\"page\" data-elementor-id=\"143\" class=\"elementor elementor-143\">\n\t\t\t\t<a class=\"elementor-element elementor-element-0838ace category-box e-con-full e-flex e-con e-parent\" data-id=\"0838ace\" data-element_type=\"container\" data-e-type=\"container\" data-settings=\"{&quot;background_background&quot;:&quot;classic&quot;}\" href=\"https:\/\/info.blinto.se\/en\/hamtning\/\">\n\t\t\t\t<div class=\"elementor-element elementor-element-5c67d78 elementor-view-stacked elementor-shape-circle elementor-widget elementor-widget-icon\" data-id=\"5c67d78\" data-element_type=\"widget\" data-e-type=\"widget\" data-widget_type=\"icon.default\">\n\t\t\t\t\t\t\t<div class=\"elementor-icon-wrapper\">\n\t\t\t<div class=\"elementor-icon\">\n\t\t\t<svg xmlns=\"http:\/\/www.w3.org\/2000\/svg\" viewbox=\"0 0 640 640\"><path opacity=\".4\" d=\"M384.4 128L608.4 128L608.4 462.6L604.7 462.7C593.8 426.4 560.2 400 520.4 400C486.2 400 456.6 419.5 442 448L384.4 448L384.4 128z\"><\/path><path d=\"M368.4 96L352.4 96L352.4 452.1L43.8 544.7L28.5 549.3L37.7 580L53 575.4L370.8 480.1L432.8 480.1C432.6 482.7 432.4 485.4 432.4 488.1C432.4 536.7 471.8 576.1 520.4 576.1C569 576.1 608.4 536.7 608.4 488.1C608.4 439.5 569 400.1 520.4 400.1C486.2 400.1 456.6 419.6 442 448.1L384.4 448.1L384.4 128.1L608.4 128.1L608.4 96.1L368.4 96.1zM464.4 488C464.4 457.1 489.5 432 520.4 432C551.3 432 576.4 457.1 576.4 488C576.4 518.9 551.3 544 520.4 544C489.5 544 464.4 518.9 464.4 488zM103.4 240.4C69.6 250.7 50.6 286.5 60.9 320.3C71.8 356 82.7 391.7 93.6 427.4C95.9 435.1 100.6 450.4 107.6 473.3L138.2 463.9L304.4 413.1L304.4 379.6L128.9 433.3C127.7 429.5 120.7 406.5 107.8 364.4C103.9 351.7 111.1 338.3 123.7 334.4C136.3 330.5 149.8 337.7 153.7 350.3C154.9 354.1 157.2 361.8 160.7 373.3L176 368.6L304.4 329.4L304.4 295.9L304.4 295.9L181.5 333.5C169.9 308.7 141.4 295.6 114.5 303.8C106.3 306.3 99.1 310.5 93.1 316L91.5 310.8C86.3 293.9 95.8 276 112.7 270.8L304.4 212.2L304.4 178.7L103.3 240.2z\"><\/path><\/svg>\t\t\t<\/div>\n\t\t<\/div>\n\t\t\t\t\t\t<\/div>\n\t\t\t\t<div class=\"elementor-element elementor-element-e71fffe elementor-widget elementor-widget-heading\" data-id=\"e71fffe\" data-element_type=\"widget\" data-e-type=\"widget\" data-widget_type=\"heading.default\">\n\t\t\t\t\t<h2 class=\"elementor-heading-title elementor-size-default\">Pickup &amp; delivery<\/h2>\t\t\t\t<\/div>\n\t\t\t\t<\/a>\n\t\t\t\t<\/div>\n\t\t\t\t<\/div>\n\t\t\t<div class=\"ts-preview\" data-term-id=\"5\" >\n\t\t\t\t\t<div data-elementor-type=\"page\" data-elementor-id=\"143\" class=\"elementor elementor-143\">\n\t\t\t\t<a class=\"elementor-element elementor-element-0838ace category-box e-con-full e-flex e-con e-parent\" data-id=\"0838ace\" data-element_type=\"container\" data-e-type=\"container\" data-settings=\"{&quot;background_background&quot;:&quot;classic&quot;}\" href=\"https:\/\/info.blinto.se\/en\/finansiering-betalning\/\">\n\t\t\t\t<div class=\"elementor-element elementor-element-5c67d78 elementor-view-stacked elementor-shape-circle elementor-widget elementor-widget-icon\" data-id=\"5c67d78\" data-element_type=\"widget\" data-e-type=\"widget\" data-widget_type=\"icon.default\">\n\t\t\t\t\t\t\t<div class=\"elementor-icon-wrapper\">\n\t\t\t<div class=\"elementor-icon\">\n\t\t\t<svg xmlns=\"http:\/\/www.w3.org\/2000\/svg\" viewbox=\"0 0 640 640\"><path opacity=\".4\" d=\"M64.1 182.6C99.4 217.9 118.1 236.6 120.1 238.6L142.7 216L86.7 160C94.4 160 214.8 160 448.1 160C448.1 213 491.1 256 544.1 256L544.1 357.5L576.1 389.5L576.1 457.4C540.7 422 522.1 403.4 520.1 401.4L497.5 424C499.5 426 518.1 444.6 553.5 480C371 480 408.6 480 192.1 480C192.1 427 149.1 384 96.1 384L96.1 282.5C80.2 266.6 69.5 255.9 64.1 250.5L64.1 480C64.1 561.5 64.1 462.5 64.1 182.6zM96.1 416C131.4 416 160.1 444.7 160.1 480L96.1 480L96.1 416zM224.3 315C224.1 318.3 224.1 321.6 224.3 324.9C224.4 326.5 224.5 328.2 224.7 329.8C225 333 225.5 336.2 226.2 339.3C227.5 345.5 229.4 351.6 231.8 357.3C236.7 368.8 243.7 379.1 252.4 387.8C269.8 405.2 293.8 415.9 320.3 415.9C373.3 415.9 416.3 372.9 416.3 319.9C416.3 266.9 373.3 223.9 320.3 223.9C293.8 223.9 269.8 234.6 252.4 252C243.7 260.7 236.7 271 231.8 282.5C229.4 288.2 227.5 294.3 226.2 300.5C225.6 303.6 225.1 306.8 224.7 310C224.5 311.6 224.4 313.2 224.3 314.9zM480.1 160L544.1 160L544.1 224C508.8 224 480.1 195.3 480.1 160z\"><\/path><path d=\"M25.5 144L36.8 132.7L108.8 60.7L120.1 49.4L142.7 72L86.7 128L224.1 128L224.1 128L576.1 128L576.1 389.5L544.1 357.5L544.1 256C491.1 256 448.1 213 448.1 160L154.6 160L154.6 160L86.7 160L142.7 216L120.1 238.6L108.8 227.3L36.8 155.3L25.5 144zM64.1 480L64.1 250.5C69.5 255.9 80.2 266.6 96.1 282.5L96.1 384C149.1 384 192.1 427 192.1 480L416.1 480L416.1 480L553.5 480C518.1 444.6 499.5 426 497.5 424L520.1 401.4L531.4 412.7L603.4 484.7L614.7 496L603.4 507.3L531.4 579.3L520.1 590.6L497.5 568L553.5 512L485.6 512L485.6 512L64.1 512L64.1 480zM96.1 416L96.1 480L160.1 480C160.1 444.7 131.4 416 96.1 416zM544.1 224L544.1 160L480.1 160C480.1 195.3 508.8 224 544.1 224zM384.1 320C384.1 284.6 355.4 255.9 320 255.9C284.5 255.9 255.8 284.6 255.8 320C255.8 355.4 284.5 384.2 320 384.2C355.4 384.2 384.1 355.4 384.1 320zM223.8 320C223.8 266.9 266.8 223.9 320 223.9C373.1 223.9 416.1 266.9 416.1 320C416.1 373.1 373.1 416.2 320 416.2C266.8 416.2 223.8 373.1 223.8 320z\"><\/path><\/svg>\t\t\t<\/div>\n\t\t<\/div>\n\t\t\t\t\t\t<\/div>\n\t\t\t\t<div class=\"elementor-element elementor-element-e71fffe elementor-widget elementor-widget-heading\" data-id=\"e71fffe\" data-element_type=\"widget\" data-e-type=\"widget\" data-widget_type=\"heading.default\">\n\t\t\t\t\t<h2 class=\"elementor-heading-title elementor-size-default\">Financing &amp; Payment<\/h2>\t\t\t\t<\/div>\n\t\t\t\t<\/a>\n\t\t\t\t<\/div>\n\t\t\t\t<\/div>\n\t\t\t<div class=\"ts-preview\" data-term-id=\"6\" >\n\t\t\t\t\t<div data-elementor-type=\"page\" data-elementor-id=\"143\" class=\"elementor elementor-143\">\n\t\t\t\t<a class=\"elementor-element elementor-element-0838ace category-box e-con-full e-flex e-con e-parent\" data-id=\"0838ace\" data-element_type=\"container\" data-e-type=\"container\" data-settings=\"{&quot;background_background&quot;:&quot;classic&quot;}\" href=\"https:\/\/info.blinto.se\/en\/salja\/\">\n\t\t\t\t<div class=\"elementor-element elementor-element-5c67d78 elementor-view-stacked elementor-shape-circle elementor-widget elementor-widget-icon\" data-id=\"5c67d78\" data-element_type=\"widget\" data-e-type=\"widget\" data-widget_type=\"icon.default\">\n\t\t\t\t\t\t\t<div class=\"elementor-icon-wrapper\">\n\t\t\t<div class=\"elementor-icon\">\n\t\t\t<svg xmlns=\"http:\/\/www.w3.org\/2000\/svg\" viewbox=\"0 0 640 640\"><path opacity=\".4\" d=\"M65 400L88 400L88 432L65 432C67.9 455.4 77.1 476.8 90.9 494.5C93.1 492.3 98.6 486.8 107.2 478.2L129.8 500.8C121.2 509.4 115.8 514.8 113.5 517.1C131.2 530.9 152.6 540.1 176 543L176 520L208 520L208 543C231.4 540.1 252.8 530.9 270.5 517.1C268.3 514.9 262.8 509.4 254.2 500.8L276.8 478.2C285.4 486.8 290.8 492.2 293.1 494.5C306.9 476.8 316.1 455.4 319 432L296 432L296 400L319 400C316.1 376.6 306.9 355.2 293.1 337.5C290.9 339.7 285.4 345.2 276.8 353.8L254.2 331.2C262.8 322.6 268.2 317.2 270.5 314.9C252.8 301.1 231.4 291.9 208 289L208 312L176 312L176 289C152.6 291.9 131.2 301.1 113.5 314.9C115.7 317.1 121.2 322.6 129.8 331.2L107.1 353.8C98.5 345.2 93.1 339.8 90.8 337.5C77 355.2 67.8 376.6 64.9 400zM264 416C264 455.8 231.8 488 192 488C152.2 488 120 455.8 120 416C120 376.2 152.2 344 192 344C231.8 344 264 376.2 264 416zM288 288C326.9 317.2 352 363.7 352 416L461.4 416C475.7 405.9 493.2 400 512 400C514.4 400 516.9 400.1 519.3 400.3L576 353L576 288L288 288zM456 488C456 518.9 481.1 544 512 544C542.9 544 568 518.9 568 488C568 457.1 542.9 432 512 432C481.1 432 456 457.1 456 488z\"><\/path><path d=\"M160 128L285.9 128L362.7 256L160 256L160 128zM128 256L128 269.3C71.5 294 32 350.4 32 416C32 504.4 103.6 576 192 576C269.4 576 334 521 348.8 448L433.6 448C427.5 460 424 473.6 424 488C424 536.6 463.4 576 512 576C560.6 576 600 536.6 600 488C600 455.3 582.2 426.8 555.7 411.6L608 368L608 256L512 256L512 160L480 160L480 256L400 256L304 96L128 96L128 256zM519.3 400.3C516.9 400.1 514.5 400 512 400C493.2 400 475.7 405.9 461.4 416L352 416C352 363.7 326.9 317.2 288 288L576 288L576 353L519.3 400.3zM176 536L176 543C152.6 540.1 131.2 530.9 113.5 517.1C115.7 514.9 121.2 509.4 129.8 500.8L107.1 478.2C98.5 486.8 93.1 492.2 90.8 494.5C77 476.8 67.8 455.4 64.9 432L87.9 432L87.9 400L64.9 400C67.8 376.6 77 355.2 90.8 337.5C93 339.7 98.5 345.2 107.1 353.8L129.7 331.2C121.1 322.6 115.7 317.2 113.4 314.9C131.1 301.1 152.5 291.9 175.9 289L175.9 312L207.9 312L207.9 289C231.3 291.9 252.7 301.1 270.4 314.9C268.2 317.1 262.7 322.6 254.1 331.2L276.7 353.8C285.3 345.2 290.7 339.8 293 337.5C306.8 355.2 316 376.6 318.9 400L295.9 400L295.9 432L318.9 432C316 455.4 306.8 476.8 293 494.5C290.8 492.3 285.3 486.8 276.7 478.2L254.1 500.8C262.7 509.4 268.1 514.8 270.4 517.1C252.7 530.9 231.3 540.1 207.9 543L207.9 520L175.9 520L175.9 536zM192 488C231.8 488 264 455.8 264 416C264 376.2 231.8 344 192 344C152.2 344 120 376.2 120 416C120 455.8 152.2 488 192 488zM152 416C152 393.9 169.9 376 192 376C214.1 376 232 393.9 232 416C232 438.1 214.1 456 192 456C169.9 456 152 438.1 152 416zM456 488C456 457.1 481.1 432 512 432C542.9 432 568 457.1 568 488C568 518.9 542.9 544 512 544C481.1 544 456 518.9 456 488z\"><\/path><\/svg>\t\t\t<\/div>\n\t\t<\/div>\n\t\t\t\t\t\t<\/div>\n\t\t\t\t<div class=\"elementor-element elementor-element-e71fffe elementor-widget elementor-widget-heading\" data-id=\"e71fffe\" data-element_type=\"widget\" data-e-type=\"widget\" data-widget_type=\"heading.default\">\n\t\t\t\t\t<h2 class=\"elementor-heading-title elementor-size-default\">Sell with Blinto<\/h2>\t\t\t\t<\/div>\n\t\t\t\t<\/a>\n\t\t\t\t<\/div>\n\t\t\t\t<\/div>\n\t<\/div>\n\n\n\t\t\t\t<\/div>\n\t\t\t\t\t<\/div>\n\t\t\t\t<\/div>\n\t\t\t\t<\/div>","protected":false},"excerpt":{"rendered":"<p>Vanliga fr\u00e5gor och svar om Blinto V\u00e4lkommen till v\u00e5r samling av vanliga fr\u00e5gor och svar om Blinto!Vi str\u00e4var efter att g\u00f6ra din auktionsupplevelse s\u00e5 enkel och behaglig som m\u00f6jligt. Oavsett om du \u00e4r nyb\u00f6rjare eller en erfaren budgivare, har vi samlat all n\u00f6dv\u00e4ndig information f\u00f6r att hj\u00e4lpa dig att navigera genom v\u00e5ra auktioner med l\u00e4tthet. [&hellip;]<\/p>\n","protected":false},"author":1,"featured_media":0,"parent":0,"menu_order":0,"comment_status":"closed","ping_status":"closed","template":"","meta":{"footnotes":""},"class_list":["post-138","page","type-page","status-publish","hentry"],"_links":{"self":[{"href":"https:\/\/info.blinto.se\/en\/wp-json\/wp\/v2\/pages\/138","targetHints":{"allow":["GET"]}}],"collection":[{"href":"https:\/\/info.blinto.se\/en\/wp-json\/wp\/v2\/pages"}],"about":[{"href":"https:\/\/info.blinto.se\/en\/wp-json\/wp\/v2\/types\/page"}],"author":[{"embeddable":true,"href":"https:\/\/info.blinto.se\/en\/wp-json\/wp\/v2\/users\/1"}],"replies":[{"embeddable":true,"href":"https:\/\/info.blinto.se\/en\/wp-json\/wp\/v2\/comments?post=138"}],"version-history":[{"count":6,"href":"https:\/\/info.blinto.se\/en\/wp-json\/wp\/v2\/pages\/138\/revisions"}],"predecessor-version":[{"id":1075,"href":"https:\/\/info.blinto.se\/en\/wp-json\/wp\/v2\/pages\/138\/revisions\/1075"}],"wp:attachment":[{"href":"https:\/\/info.blinto.se\/en\/wp-json\/wp\/v2\/media?parent=138"}],"curies":[{"name":"wp","href":"https:\/\/api.w.org\/{rel}","templated":true}]}}